{"id":15068,"date":"2020-04-03T10:33:40","date_gmt":"2020-04-03T10:33:40","guid":{"rendered":"http:\/\/memlavallduixo.es\/?page_id=15068"},"modified":"2022-08-31T18:28:37","modified_gmt":"2022-08-31T16:28:37","slug":"patrimonio","status":"publish","type":"page","link":"http:\/\/memlavallduixo.es\/index.php\/patrimonio\/","title":{"rendered":"Patrimonio"},"content":{"rendered":"<div id=\"cmsmasters_row_9gi26251w\" class=\"cmsmasters_row cmsmasters_color_scheme_default cmsmasters_row_top_default cmsmasters_row_bot_default cmsmasters_row_boxed\">\n<div class=\"cmsmasters_row_outer_parent\">\n<div class=\"cmsmasters_row_outer\">\n<div class=\"cmsmasters_row_inner\">\n<div class=\"cmsmasters_row_margin\">\n<div id=\"cmsmasters_column_i2ary806l\" class=\"cmsmasters_column one_first\">\n<div class=\"cmsmasters_column_inner\">\n<div class=\"cmsmasters_slider\">\n\t\t\t<!-- START patrimonio REVOLUTION SLIDER 6.5.23 --><p class=\"rs-p-wp-fix\"><\/p>\n\t\t\t<rs-module-wrap id=\"rev_slider_4_1_wrapper\" data-source=\"gallery\" style=\"visibility:hidden;background:transparent;padding:0;margin:0px auto;margin-top:0;margin-bottom:0;\">\n\t\t\t\t<rs-module id=\"rev_slider_4_1\" style=\"\" data-version=\"6.5.23\">\n\t\t\t\t\t<rs-slides>\n\t\t\t\t\t\t<rs-slide style=\"position: absolute;\" data-key=\"rs-16\" data-title=\"Slide\" data-thumb=\"\/\/memlavallduixo.es\/wp-content\/uploads\/2020\/04\/slider1-1-100x50.png\" data-anim=\"ms:600;r:0;\" data-in=\"o:0;\" data-out=\"a:false;\">\n\t\t\t\t\t\t\t<img src=\"\/\/memlavallduixo.es\/wp-content\/plugins\/revslider\/public\/assets\/assets\/dummy.png\" alt=\"\" title=\"slider1\" width=\"1920\" height=\"800\" class=\"rev-slidebg tp-rs-img rs-lazyload\" data-lazyload=\"\/\/memlavallduixo.es\/wp-content\/uploads\/2020\/04\/slider1-1.png\" data-no-retina>\n<!--\n\t\t\t\t\t\t\t--><rs-layer\n\t\t\t\t\t\t\t\tid=\"slider-4-slide-16-layer-12\" \n\t\t\t\t\t\t\t\tdata-type=\"text\"\n\t\t\t\t\t\t\t\tdata-color=\"rgba(255, 255, 255, 0.8)\"\n\t\t\t\t\t\t\t\tdata-rsp_ch=\"on\"\n\t\t\t\t\t\t\t\tdata-xy=\"x:c;xo:1px,1px,1px,0;yo:329px,329px,329px,65px;\"\n\t\t\t\t\t\t\t\tdata-text=\"s:18,18,18,16;l:26;ls:2px;a:inherit;\"\n\t\t\t\t\t\t\t\tdata-frame_0=\"y:50px;tp:600;\"\n\t\t\t\t\t\t\t\tdata-frame_1=\"tp:600;sp:1500;sR:10;\"\n\t\t\t\t\t\t\t\tdata-frame_999=\"o:0;tp:600;st:w;sR:3490;\"\n\t\t\t\t\t\t\t\tstyle=\"z-index:6;font-family:'Karla';\"\n\t\t\t\t\t\t\t>Tu museo Online \n\t\t\t\t\t\t\t<\/rs-layer><!--\n\n\t\t\t\t\t\t\t--><rs-layer\n\t\t\t\t\t\t\t\tid=\"slider-4-slide-16-layer-13\" \n\t\t\t\t\t\t\t\tdata-type=\"text\"\n\t\t\t\t\t\t\t\tdata-rsp_ch=\"on\"\n\t\t\t\t\t\t\t\tdata-xy=\"x:c;yo:360px,360px,275px,125px;\"\n\t\t\t\t\t\t\t\tdata-text=\"w:normal;s:72,72,60,48;l:92,92,76,60;a:center;\"\n\t\t\t\t\t\t\t\tdata-dim=\"w:818px,818px,643px,424px;h:auto,auto,154px,auto;\"\n\t\t\t\t\t\t\t\tdata-frame_0=\"tp:600;\"\n\t\t\t\t\t\t\t\tdata-frame_1=\"tp:600;sp:2000;sR:10;\"\n\t\t\t\t\t\t\t\tdata-frame_999=\"o:0;tp:600;st:w;sR:2990;\"\n\t\t\t\t\t\t\t\tstyle=\"z-index:7;font-family:'Prata';\"\n\t\t\t\t\t\t\t>Patrimonio \n\t\t\t\t\t\t\t<\/rs-layer><!--\n-->\t\t\t\t\t\t<\/rs-slide>\n\t\t\t\t\t\t<rs-slide style=\"position: absolute;\" data-key=\"rs-17\" data-title=\"Slide\" data-thumb=\"\/\/memlavallduixo.es\/wp-content\/uploads\/2020\/04\/slider2-100x50.png\" data-anim=\"ms:600;r:0;\" data-in=\"o:0;\" data-out=\"a:false;\">\n\t\t\t\t\t\t\t<img src=\"\/\/memlavallduixo.es\/wp-content\/plugins\/revslider\/public\/assets\/assets\/dummy.png\" alt=\"\" title=\"slider2\" width=\"1920\" height=\"800\" class=\"rev-slidebg tp-rs-img rs-lazyload\" data-lazyload=\"\/\/memlavallduixo.es\/wp-content\/uploads\/2020\/04\/slider2.png\" data-no-retina>\n<!--\n\t\t\t\t\t\t\t--><rs-layer\n\t\t\t\t\t\t\t\tid=\"slider-4-slide-17-layer-17\" \n\t\t\t\t\t\t\t\tdata-type=\"text\"\n\t\t\t\t\t\t\t\tdata-rsp_ch=\"on\"\n\t\t\t\t\t\t\t\tdata-xy=\"x:c;yo:360px,360px,275px,125px;\"\n\t\t\t\t\t\t\t\tdata-text=\"w:normal;s:72,72,60,48;l:92,92,76,60;a:center;\"\n\t\t\t\t\t\t\t\tdata-dim=\"w:821px,821px,643px,424px;h:auto,auto,154px,auto;\"\n\t\t\t\t\t\t\t\tdata-frame_0=\"tp:600;\"\n\t\t\t\t\t\t\t\tdata-frame_1=\"tp:600;sp:2000;sR:10;\"\n\t\t\t\t\t\t\t\tdata-frame_999=\"o:0;tp:600;st:w;sR:2990;\"\n\t\t\t\t\t\t\t\tstyle=\"z-index:7;font-family:'Prata';\"\n\t\t\t\t\t\t\t>Territorio \n\t\t\t\t\t\t\t<\/rs-layer><!--\n\n\t\t\t\t\t\t\t--><rs-layer\n\t\t\t\t\t\t\t\tid=\"slider-4-slide-17-layer-18\" \n\t\t\t\t\t\t\t\tdata-type=\"text\"\n\t\t\t\t\t\t\t\tdata-color=\"rgba(255, 255, 255, 0.8)\"\n\t\t\t\t\t\t\t\tdata-rsp_ch=\"on\"\n\t\t\t\t\t\t\t\tdata-xy=\"x:c;xo:1px,1px,1px,0;yo:329px,329px,329px,65px;\"\n\t\t\t\t\t\t\t\tdata-text=\"s:18,18,18,16;l:26;ls:2px;a:inherit;\"\n\t\t\t\t\t\t\t\tdata-frame_0=\"y:50px;tp:600;\"\n\t\t\t\t\t\t\t\tdata-frame_1=\"tp:600;sp:1500;sR:10;\"\n\t\t\t\t\t\t\t\tdata-frame_999=\"o:0;tp:600;st:w;sR:3490;\"\n\t\t\t\t\t\t\t\tstyle=\"z-index:6;font-family:'Karla';\"\n\t\t\t\t\t\t\t>Tu museo Online \n\t\t\t\t\t\t\t<\/rs-layer><!--\n-->\t\t\t\t\t\t<\/rs-slide>\n\t\t\t\t\t\t<rs-slide style=\"position: absolute;\" data-key=\"rs-18\" data-title=\"Slide\" data-thumb=\"\/\/memlavallduixo.es\/wp-content\/uploads\/2020\/04\/slider3-100x50.png\" data-anim=\"ms:600;r:0;\" data-in=\"o:0;\" data-out=\"a:false;\">\n\t\t\t\t\t\t\t<img src=\"\/\/memlavallduixo.es\/wp-content\/plugins\/revslider\/public\/assets\/assets\/dummy.png\" alt=\"\" title=\"slider3\" width=\"1920\" height=\"800\" class=\"rev-slidebg tp-rs-img rs-lazyload\" data-lazyload=\"\/\/memlavallduixo.es\/wp-content\/uploads\/2020\/04\/slider3.png\" data-no-retina>\n<!--\n\t\t\t\t\t\t\t--><rs-layer\n\t\t\t\t\t\t\t\tid=\"slider-4-slide-18-layer-19\" \n\t\t\t\t\t\t\t\tdata-type=\"text\"\n\t\t\t\t\t\t\t\tdata-rsp_ch=\"on\"\n\t\t\t\t\t\t\t\tdata-xy=\"x:c;yo:360px,360px,275px,125px;\"\n\t\t\t\t\t\t\t\tdata-text=\"w:normal;s:72,72,60,48;l:92,92,76,60;a:center;\"\n\t\t\t\t\t\t\t\tdata-dim=\"w:821px,821px,643px,424px;h:auto,auto,154px,auto;\"\n\t\t\t\t\t\t\t\tdata-frame_0=\"tp:600;\"\n\t\t\t\t\t\t\t\tdata-frame_1=\"tp:600;sp:2000;sR:10;\"\n\t\t\t\t\t\t\t\tdata-frame_999=\"o:0;tp:600;st:w;sR:2990;\"\n\t\t\t\t\t\t\t\tstyle=\"z-index:7;font-family:'Prata';\"\n\t\t\t\t\t\t\t>Rutas 360\u00ba \n\t\t\t\t\t\t\t<\/rs-layer><!--\n\n\t\t\t\t\t\t\t--><rs-layer\n\t\t\t\t\t\t\t\tid=\"slider-4-slide-18-layer-20\" \n\t\t\t\t\t\t\t\tdata-type=\"text\"\n\t\t\t\t\t\t\t\tdata-color=\"rgba(255, 255, 255, 0.8)\"\n\t\t\t\t\t\t\t\tdata-rsp_ch=\"on\"\n\t\t\t\t\t\t\t\tdata-xy=\"x:c;xo:1px,1px,1px,0;yo:329px,329px,329px,65px;\"\n\t\t\t\t\t\t\t\tdata-text=\"s:18,18,18,16;l:26;ls:2px;a:inherit;\"\n\t\t\t\t\t\t\t\tdata-frame_0=\"y:50px;tp:600;\"\n\t\t\t\t\t\t\t\tdata-frame_1=\"tp:600;sp:1500;sR:10;\"\n\t\t\t\t\t\t\t\tdata-frame_999=\"o:0;tp:600;st:w;sR:3490;\"\n\t\t\t\t\t\t\t\tstyle=\"z-index:6;font-family:'Karla';\"\n\t\t\t\t\t\t\t>Tu museo Online \n\t\t\t\t\t\t\t<\/rs-layer><!--\n-->\t\t\t\t\t\t<\/rs-slide>\n\t\t\t\t\t\t<rs-slide style=\"position: absolute;\" data-key=\"rs-19\" data-title=\"Slide\" data-thumb=\"\/\/memlavallduixo.es\/wp-content\/uploads\/2020\/04\/slider4-100x50.png\" data-anim=\"ms:600;r:0;\" data-in=\"o:0;\" data-out=\"a:false;\">\n\t\t\t\t\t\t\t<img src=\"\/\/memlavallduixo.es\/wp-content\/plugins\/revslider\/public\/assets\/assets\/dummy.png\" alt=\"\" title=\"slider4\" width=\"1920\" height=\"800\" class=\"rev-slidebg tp-rs-img rs-lazyload\" data-lazyload=\"\/\/memlavallduixo.es\/wp-content\/uploads\/2020\/04\/slider4.png\" data-no-retina>\n<!--\n\t\t\t\t\t\t\t--><rs-layer\n\t\t\t\t\t\t\t\tid=\"slider-4-slide-19-layer-21\" \n\t\t\t\t\t\t\t\tdata-type=\"text\"\n\t\t\t\t\t\t\t\tdata-rsp_ch=\"on\"\n\t\t\t\t\t\t\t\tdata-xy=\"x:c;yo:360px,360px,275px,125px;\"\n\t\t\t\t\t\t\t\tdata-text=\"w:normal;s:72,72,60,48;l:92,92,76,60;a:center;\"\n\t\t\t\t\t\t\t\tdata-dim=\"w:821px,821px,643px,424px;h:auto,auto,154px,auto;\"\n\t\t\t\t\t\t\t\tdata-frame_0=\"tp:600;\"\n\t\t\t\t\t\t\t\tdata-frame_1=\"tp:600;sp:2000;sR:10;\"\n\t\t\t\t\t\t\t\tdata-frame_999=\"o:0;tp:600;st:w;sR:2990;\"\n\t\t\t\t\t\t\t\tstyle=\"z-index:7;font-family:'Prata';\"\n\t\t\t\t\t\t\t>Patrimonio Inmaterial \n\t\t\t\t\t\t\t<\/rs-layer><!--\n\n\t\t\t\t\t\t\t--><rs-layer\n\t\t\t\t\t\t\t\tid=\"slider-4-slide-19-layer-22\" \n\t\t\t\t\t\t\t\tdata-type=\"text\"\n\t\t\t\t\t\t\t\tdata-color=\"rgba(255, 255, 255, 0.8)\"\n\t\t\t\t\t\t\t\tdata-rsp_ch=\"on\"\n\t\t\t\t\t\t\t\tdata-xy=\"x:c;xo:1px,1px,1px,0;yo:329px,329px,329px,65px;\"\n\t\t\t\t\t\t\t\tdata-text=\"s:18,18,18,16;l:26;ls:2px;a:inherit;\"\n\t\t\t\t\t\t\t\tdata-frame_0=\"y:50px;tp:600;\"\n\t\t\t\t\t\t\t\tdata-frame_1=\"tp:600;sp:1500;sR:10;\"\n\t\t\t\t\t\t\t\tdata-frame_999=\"o:0;tp:600;st:w;sR:3490;\"\n\t\t\t\t\t\t\t\tstyle=\"z-index:6;font-family:'Karla';\"\n\t\t\t\t\t\t\t>Tu museo Online \n\t\t\t\t\t\t\t<\/rs-layer><!--\n-->\t\t\t\t\t\t<\/rs-slide>\n\t\t\t\t\t\t<rs-slide style=\"position: absolute;\" data-key=\"rs-20\" data-title=\"Slide\" data-thumb=\"\/\/memlavallduixo.es\/wp-content\/uploads\/2020\/04\/slider5-100x50.png\" data-anim=\"ms:600;r:0;\" data-in=\"o:0;\" data-out=\"a:false;\">\n\t\t\t\t\t\t\t<img src=\"\/\/memlavallduixo.es\/wp-content\/plugins\/revslider\/public\/assets\/assets\/dummy.png\" alt=\"\" title=\"slider5\" width=\"1920\" height=\"800\" class=\"rev-slidebg tp-rs-img rs-lazyload\" data-lazyload=\"\/\/memlavallduixo.es\/wp-content\/uploads\/2020\/04\/slider5.png\" data-no-retina>\n<!--\n\t\t\t\t\t\t\t--><rs-layer\n\t\t\t\t\t\t\t\tid=\"slider-4-slide-20-layer-23\" \n\t\t\t\t\t\t\t\tdata-type=\"text\"\n\t\t\t\t\t\t\t\tdata-rsp_ch=\"on\"\n\t\t\t\t\t\t\t\tdata-xy=\"x:c;yo:360px,360px,275px,125px;\"\n\t\t\t\t\t\t\t\tdata-text=\"w:normal;s:72,72,60,48;l:92,92,76,60;a:center;\"\n\t\t\t\t\t\t\t\tdata-dim=\"w:821px,821px,643px,424px;h:auto,auto,154px,auto;\"\n\t\t\t\t\t\t\t\tdata-frame_0=\"tp:600;\"\n\t\t\t\t\t\t\t\tdata-frame_1=\"tp:600;sp:2000;sR:10;\"\n\t\t\t\t\t\t\t\tdata-frame_999=\"o:0;tp:600;st:w;sR:2990;\"\n\t\t\t\t\t\t\t\tstyle=\"z-index:7;font-family:'Prata';\"\n\t\t\t\t\t\t\t>Patrimonio \n\t\t\t\t\t\t\t<\/rs-layer><!--\n\n\t\t\t\t\t\t\t--><rs-layer\n\t\t\t\t\t\t\t\tid=\"slider-4-slide-20-layer-24\" \n\t\t\t\t\t\t\t\tdata-type=\"text\"\n\t\t\t\t\t\t\t\tdata-color=\"rgba(255, 255, 255, 0.8)\"\n\t\t\t\t\t\t\t\tdata-rsp_ch=\"on\"\n\t\t\t\t\t\t\t\tdata-xy=\"x:c;xo:1px,1px,1px,0;yo:329px,329px,329px,65px;\"\n\t\t\t\t\t\t\t\tdata-text=\"s:18,18,18,16;l:26;ls:2px;a:inherit;\"\n\t\t\t\t\t\t\t\tdata-frame_0=\"y:50px;tp:600;\"\n\t\t\t\t\t\t\t\tdata-frame_1=\"tp:600;sp:1500;sR:10;\"\n\t\t\t\t\t\t\t\tdata-frame_999=\"o:0;tp:600;st:w;sR:3490;\"\n\t\t\t\t\t\t\t\tstyle=\"z-index:6;font-family:'Karla';\"\n\t\t\t\t\t\t\t>Tu museo Online \n\t\t\t\t\t\t\t<\/rs-layer><!--\n-->\t\t\t\t\t\t<\/rs-slide>\n\t\t\t\t\t<\/rs-slides>\n\t\t\t\t<\/rs-module>\n\t\t\t\t<script>\n\t\t\t\t\tsetREVStartSize({c: 'rev_slider_4_1',rl:[1240,1024,778,480],el:[760,760,760,480],gw:[1928,1024,778,480],gh:[760,760,760,480],type:'standard',justify:'',layout:'fullwidth',mh:\"0\"});if (window.RS_MODULES!==undefined && window.RS_MODULES.modules!==undefined && window.RS_MODULES.modules[\"revslider41\"]!==undefined) {window.RS_MODULES.modules[\"revslider41\"].once = false;window.revapi4 = undefined;if (window.RS_MODULES.checkMinimal!==undefined) window.RS_MODULES.checkMinimal()}\n\t\t\t\t<\/script>\n\t\t\t<\/rs-module-wrap>\n\t\t\t<!-- END REVOLUTION SLIDER -->\n<\/div>\n<\/div><\/div>\n<\/div>\n<\/div>\n<\/div>\n<\/div>\n<\/div>\n<div id=\"cmsmasters_row_tdokeyc5r\" class=\"cmsmasters_row cmsmasters_color_scheme_default cmsmasters_row_top_default cmsmasters_row_bot_default cmsmasters_row_boxed\">\n<div class=\"cmsmasters_row_outer_parent\">\n<div class=\"cmsmasters_row_outer\">\n<div class=\"cmsmasters_row_inner\">\n<div class=\"cmsmasters_row_margin\">\n<div id=\"cmsmasters_column_7qjb9a6stp\" class=\"cmsmasters_column one_first\">\n<div class=\"cmsmasters_column_inner\"><div id=\"cmsmasters_heading_3d2cyb6ukl\" class=\"cmsmasters_heading_wrap cmsmasters_heading_align_left\">\n\t<h2 class=\"cmsmasters_heading\">Patrimonio<\/h2>\n<\/div><div id=\"cmsmasters_fb_0qgc2n1s1\" class=\"cmsmasters_featured_block\">\n<div class=\"featured_block_inner\">\n<div class=\"featured_block_text\">\n<p>Se pueden visitar virtualmente espacios patrimoniales de La Vall d\u2019Uix\u00f3, como iglesias, ermitas, tramos de la Acequia Mayor, yacimientos arqueol\u00f3gicos, restos relacionados con la Guerra Civil Espa\u00f1ola, patrimonio industrial\u2026 gracias a distintas herramientas como fotos de 360\u00ba,<span class=\"Apple-converted-space\">\u00a0 <\/span>modelados 3D o v\u00eddeos. Tambi\u00e9n encontraras aqu\u00ed patrimonio inmaterial como el Cant de l\u2019Aurora y diversas manifestaciones art\u00edsticas y etol\u00f3gicas propias de La Vall d\u2019Uix\u00f3.<\/p>\n\n<\/div>\n<\/div>\n<\/div>\n<\/div><\/div>\n<\/div>\n<\/div>\n<\/div>\n<\/div>\n<\/div>\n<div id=\"cmsmasters_row_t8h7y3acag\" class=\"cmsmasters_row cmsmasters_color_scheme_default cmsmasters_row_top_default cmsmasters_row_bot_default cmsmasters_row_boxed\">\n<div class=\"cmsmasters_row_outer_parent\">\n<div class=\"cmsmasters_row_outer\">\n<div class=\"cmsmasters_row_inner\">\n<div class=\"cmsmasters_row_margin\">\n<div id=\"cmsmasters_column_mr312oe8c8\" class=\"cmsmasters_column one_third\">\n<div class=\"cmsmasters_column_inner\"><div id=\"cmsmasters_fb_nw83yi4oli\" class=\"cmsmasters_featured_block\">\n<div class=\"featured_block_inner\">\n<div class=\"featured_block_text\">\n<p style=\"text-align: center;\"><div class=\"aligncenter\"><div class=\"cmsmasters_img  cmsmasters_image_c\"><img src=\"http:\/\/memlavallduixo.es\/wp-content\/uploads\/2020\/04\/mem-logo.png\" \/><\/div><\/div>\n<p style=\"text-align: center;\"><strong>Territorio<\/strong><\/p>\n<p>Conoce los distintos enclaves patrimoniales. Planos y modelos 3D que te permitir\u00e1 conocer espacios p\u00fablicos y edificios desde un punto de vista diferente.<br \/>\n<div id=\"cmsmasters_button_02mxq6idbu\" class=\"button_wrap\"><a href=\"http:\/\/memlavallduixo.es\/index.php\/territorio\/\" class=\"cmsmasters_button cmsmasters-icon-bank\"><span>Ver m\u00e1s<\/span><\/a><\/div>\n\n<\/div>\n<\/div>\n<\/div>\n<\/div><\/div>\n<div id=\"cmsmasters_column_qy6ikdtzg\" class=\"cmsmasters_column one_third\">\n<div class=\"cmsmasters_column_inner\"><div id=\"cmsmasters_fb_mhejqoure5\" class=\"cmsmasters_featured_block\">\n<div class=\"featured_block_inner\">\n<div class=\"featured_block_text\">\n<p style=\"text-align: center;\"><div class=\"aligncenter\"><div class=\"cmsmasters_img  cmsmasters_image_c\"><img src=\"http:\/\/memlavallduixo.es\/wp-content\/uploads\/2020\/04\/mem-logo.png\" \/><\/div><\/div>\n<p style=\"text-align: center;\"><strong>Rutas 360\u00ba<\/strong><\/p>\n<p>Visitas virtuales a distintos edificios de la localidad que son dif\u00edciles de visitar. Conoce La Vall d\u2019Uix\u00f3 desde la pantalla de tu ordenador o dispositivo m\u00f3vil.<br \/>\n<div id=\"cmsmasters_button_02mxq6idbu\" class=\"button_wrap\"><a href=\"http:\/\/memlavallduixo.es\/index.php\/rutas-360\/\" class=\"cmsmasters_button cmsmasters-icon-arrows-cw\"><span>Ver m\u00e1s<\/span><\/a><\/div>\n\n<\/div>\n<\/div>\n<\/div>\n<\/div><\/div>\n<div id=\"cmsmasters_column_zv9f219kem\" class=\"cmsmasters_column one_third\">\n<div class=\"cmsmasters_column_inner\"><div id=\"cmsmasters_fb_tf27iahkvr\" class=\"cmsmasters_featured_block\">\n<div class=\"featured_block_inner\">\n<div class=\"featured_block_text\">\n<p style=\"text-align: center;\"><div class=\"aligncenter\"><div class=\"cmsmasters_img  cmsmasters_image_c\"><img src=\"http:\/\/memlavallduixo.es\/wp-content\/uploads\/2020\/04\/mem-logo.png\" \/><\/div><\/div>\n<p style=\"text-align: center;\"><strong>Patrimonio Inmaterial<\/strong><\/p>\n<p>A trav\u00e9s de material audiovisual se recogen las manifestaciones culturales protagonizadas por los habitantes de La Vall d\u2019Uix\u00f3. Conoce el alma de un pueblo.<br \/>\n<div id=\"cmsmasters_button_02mxq6idbu\" class=\"button_wrap\"><a href=\"http:\/\/memlavallduixo.es\/index.php\/patrimonio-inmaterial\/\" class=\"cmsmasters_button cmsmasters-icon-videocam\"><span>Ver m\u00e1s<\/span><\/a><\/div>\n\n<\/div>\n<\/div>\n<\/div>\n<\/div><\/div>\n<\/div>\n<\/div>\n<\/div>\n<\/div>\n<\/div>\n\n","protected":false},"excerpt":{"rendered":"","protected":false},"author":1,"featured_media":0,"parent":0,"menu_order":0,"comment_status":"closed","ping_status":"closed","template":"","meta":[],"_links":{"self":[{"href":"http:\/\/memlavallduixo.es\/index.php\/wp-json\/wp\/v2\/pages\/15068"}],"collection":[{"href":"http:\/\/memlavallduixo.es\/index.php\/wp-json\/wp\/v2\/pages"}],"about":[{"href":"http:\/\/memlavallduixo.es\/index.php\/wp-json\/wp\/v2\/types\/page"}],"author":[{"embeddable":true,"href":"http:\/\/memlavallduixo.es\/index.php\/wp-json\/wp\/v2\/users\/1"}],"replies":[{"embeddable":true,"href":"http:\/\/memlavallduixo.es\/index.php\/wp-json\/wp\/v2\/comments?post=15068"}],"version-history":[{"count":3,"href":"http:\/\/memlavallduixo.es\/index.php\/wp-json\/wp\/v2\/pages\/15068\/revisions"}],"predecessor-version":[{"id":16458,"href":"http:\/\/memlavallduixo.es\/index.php\/wp-json\/wp\/v2\/pages\/15068\/revisions\/16458"}],"wp:attachment":[{"href":"http:\/\/memlavallduixo.es\/index.php\/wp-json\/wp\/v2\/media?parent=15068"}],"curies":[{"name":"wp","href":"https:\/\/api.w.org\/{rel}","templated":true}]}}