{"id":16149,"date":"2020-11-02T10:22:56","date_gmt":"2020-11-02T10:22:56","guid":{"rendered":"http:\/\/memlavallduixo.es\/?page_id=16149"},"modified":"2020-11-02T10:22:56","modified_gmt":"2020-11-02T10:22:56","slug":"exposiciones","status":"publish","type":"page","link":"http:\/\/memlavallduixo.es\/index.php\/exposiciones\/","title":{"rendered":"Exposiciones"},"content":{"rendered":"<div id=\"cmsmasters_row_g4xctrqr9r\" class=\"cmsmasters_row cmsmasters_color_scheme_default cmsmasters_row_top_default cmsmasters_row_bot_default cmsmasters_row_boxed\">\n<div class=\"cmsmasters_row_outer_parent\">\n<div class=\"cmsmasters_row_outer\">\n<div class=\"cmsmasters_row_inner\">\n<div class=\"cmsmasters_row_margin\">\n<div id=\"cmsmasters_column_gua71ig92a\" class=\"cmsmasters_column one_first\">\n<div class=\"cmsmasters_column_inner\"><div class=\"cmsmasters_slider\">\n\t\t\t<!-- START exposiciones REVOLUTION SLIDER 6.5.23 --><p class=\"rs-p-wp-fix\"><\/p>\n\t\t\t<rs-module-wrap id=\"rev_slider_2_1_wrapper\" data-source=\"gallery\" style=\"visibility:hidden;background:transparent;padding:0;margin:0px auto;margin-top:0;margin-bottom:0;\">\n\t\t\t\t<rs-module id=\"rev_slider_2_1\" style=\"\" data-version=\"6.5.23\">\n\t\t\t\t\t<rs-slides>\n\t\t\t\t\t\t<rs-slide style=\"position: absolute;\" data-key=\"rs-6\" data-title=\"Slide\" data-thumb=\"\/\/memlavallduixo.es\/wp-content\/uploads\/2020\/04\/slider1-1-100x50.png\" data-anim=\"ms:600;r:0;\" data-in=\"o:0;\" data-out=\"a:false;\">\n\t\t\t\t\t\t\t<img src=\"\/\/memlavallduixo.es\/wp-content\/plugins\/revslider\/public\/assets\/assets\/dummy.png\" alt=\"\" title=\"slider1\" width=\"1920\" height=\"800\" class=\"rev-slidebg tp-rs-img rs-lazyload\" data-lazyload=\"\/\/memlavallduixo.es\/wp-content\/uploads\/2020\/04\/slider1-1.png\" data-no-retina>\n<!--\n\t\t\t\t\t\t\t--><rs-layer\n\t\t\t\t\t\t\t\tid=\"slider-2-slide-6-layer-12\" \n\t\t\t\t\t\t\t\tdata-type=\"text\"\n\t\t\t\t\t\t\t\tdata-color=\"rgba(255, 255, 255, 0.8)\"\n\t\t\t\t\t\t\t\tdata-rsp_ch=\"on\"\n\t\t\t\t\t\t\t\tdata-xy=\"x:c;xo:1px,1px,1px,0;yo:329px,329px,329px,65px;\"\n\t\t\t\t\t\t\t\tdata-text=\"s:18,18,18,16;l:26;ls:2px;a:inherit;\"\n\t\t\t\t\t\t\t\tdata-frame_0=\"y:50px;tp:600;\"\n\t\t\t\t\t\t\t\tdata-frame_1=\"tp:600;sp:1500;sR:10;\"\n\t\t\t\t\t\t\t\tdata-frame_999=\"o:0;tp:600;st:w;sR:3490;\"\n\t\t\t\t\t\t\t\tstyle=\"z-index:6;font-family:'Karla';\"\n\t\t\t\t\t\t\t>Tu museo Online \n\t\t\t\t\t\t\t<\/rs-layer><!--\n\n\t\t\t\t\t\t\t--><rs-layer\n\t\t\t\t\t\t\t\tid=\"slider-2-slide-6-layer-13\" \n\t\t\t\t\t\t\t\tdata-type=\"text\"\n\t\t\t\t\t\t\t\tdata-rsp_ch=\"on\"\n\t\t\t\t\t\t\t\tdata-xy=\"x:c;yo:360px,360px,275px,125px;\"\n\t\t\t\t\t\t\t\tdata-text=\"w:normal;s:72,72,60,48;l:92,92,76,60;a:center;\"\n\t\t\t\t\t\t\t\tdata-dim=\"w:818px,818px,643px,424px;h:auto,auto,154px,auto;\"\n\t\t\t\t\t\t\t\tdata-frame_0=\"tp:600;\"\n\t\t\t\t\t\t\t\tdata-frame_1=\"tp:600;sp:2000;sR:10;\"\n\t\t\t\t\t\t\t\tdata-frame_999=\"o:0;tp:600;st:w;sR:2990;\"\n\t\t\t\t\t\t\t\tstyle=\"z-index:7;font-family:'Prata';\"\n\t\t\t\t\t\t\t>Exposiciones \n\t\t\t\t\t\t\t<\/rs-layer><!--\n-->\t\t\t\t\t\t<\/rs-slide>\n\t\t\t\t\t\t<rs-slide style=\"position: absolute;\" data-key=\"rs-7\" data-title=\"Slide\" data-thumb=\"\/\/memlavallduixo.es\/wp-content\/uploads\/2020\/04\/slider2-100x50.png\" data-anim=\"ms:600;r:0;\" data-in=\"o:0;\" data-out=\"a:false;\">\n\t\t\t\t\t\t\t<img src=\"\/\/memlavallduixo.es\/wp-content\/plugins\/revslider\/public\/assets\/assets\/dummy.png\" alt=\"\" title=\"slider2\" width=\"1920\" height=\"800\" class=\"rev-slidebg tp-rs-img rs-lazyload\" data-lazyload=\"\/\/memlavallduixo.es\/wp-content\/uploads\/2020\/04\/slider2.png\" data-no-retina>\n<!--\n\t\t\t\t\t\t\t--><rs-layer\n\t\t\t\t\t\t\t\tid=\"slider-2-slide-7-layer-17\" \n\t\t\t\t\t\t\t\tdata-type=\"text\"\n\t\t\t\t\t\t\t\tdata-rsp_ch=\"on\"\n\t\t\t\t\t\t\t\tdata-xy=\"x:c;yo:360px,360px,275px,125px;\"\n\t\t\t\t\t\t\t\tdata-text=\"w:normal;s:72,72,60,48;l:92,92,76,60;a:center;\"\n\t\t\t\t\t\t\t\tdata-dim=\"w:821px,821px,643px,424px;h:auto,auto,154px,auto;\"\n\t\t\t\t\t\t\t\tdata-frame_0=\"tp:600;\"\n\t\t\t\t\t\t\t\tdata-frame_1=\"tp:600;sp:2000;sR:10;\"\n\t\t\t\t\t\t\t\tdata-frame_999=\"o:0;tp:600;st:w;sR:2990;\"\n\t\t\t\t\t\t\t\tstyle=\"z-index:7;font-family:'Prata';\"\n\t\t\t\t\t\t\t>Exposiciones \n\t\t\t\t\t\t\t<\/rs-layer><!--\n\n\t\t\t\t\t\t\t--><rs-layer\n\t\t\t\t\t\t\t\tid=\"slider-2-slide-7-layer-18\" \n\t\t\t\t\t\t\t\tdata-type=\"text\"\n\t\t\t\t\t\t\t\tdata-color=\"rgba(255, 255, 255, 0.8)\"\n\t\t\t\t\t\t\t\tdata-rsp_ch=\"on\"\n\t\t\t\t\t\t\t\tdata-xy=\"x:c;xo:1px,1px,1px,0;yo:329px,329px,329px,65px;\"\n\t\t\t\t\t\t\t\tdata-text=\"s:18,18,18,16;l:26;ls:2px;a:inherit;\"\n\t\t\t\t\t\t\t\tdata-frame_0=\"y:50px;tp:600;\"\n\t\t\t\t\t\t\t\tdata-frame_1=\"tp:600;sp:1500;sR:10;\"\n\t\t\t\t\t\t\t\tdata-frame_999=\"o:0;tp:600;st:w;sR:3490;\"\n\t\t\t\t\t\t\t\tstyle=\"z-index:6;font-family:'Karla';\"\n\t\t\t\t\t\t\t>Tu museo Online \n\t\t\t\t\t\t\t<\/rs-layer><!--\n-->\t\t\t\t\t\t<\/rs-slide>\n\t\t\t\t\t\t<rs-slide style=\"position: absolute;\" data-key=\"rs-8\" data-title=\"Slide\" data-thumb=\"\/\/memlavallduixo.es\/wp-content\/uploads\/2020\/04\/slider3-100x50.png\" data-anim=\"ms:600;r:0;\" data-in=\"o:0;\" data-out=\"a:false;\">\n\t\t\t\t\t\t\t<img src=\"\/\/memlavallduixo.es\/wp-content\/plugins\/revslider\/public\/assets\/assets\/dummy.png\" alt=\"\" title=\"slider3\" width=\"1920\" height=\"800\" class=\"rev-slidebg tp-rs-img rs-lazyload\" data-lazyload=\"\/\/memlavallduixo.es\/wp-content\/uploads\/2020\/04\/slider3.png\" data-no-retina>\n<!--\n\t\t\t\t\t\t\t--><rs-layer\n\t\t\t\t\t\t\t\tid=\"slider-2-slide-8-layer-19\" \n\t\t\t\t\t\t\t\tdata-type=\"text\"\n\t\t\t\t\t\t\t\tdata-rsp_ch=\"on\"\n\t\t\t\t\t\t\t\tdata-xy=\"x:c;yo:360px,360px,275px,125px;\"\n\t\t\t\t\t\t\t\tdata-text=\"w:normal;s:72,72,60,48;l:92,92,76,60;a:center;\"\n\t\t\t\t\t\t\t\tdata-dim=\"w:821px,821px,643px,424px;h:auto,auto,154px,auto;\"\n\t\t\t\t\t\t\t\tdata-frame_0=\"tp:600;\"\n\t\t\t\t\t\t\t\tdata-frame_1=\"tp:600;sp:2000;sR:10;\"\n\t\t\t\t\t\t\t\tdata-frame_999=\"o:0;tp:600;st:w;sR:2990;\"\n\t\t\t\t\t\t\t\tstyle=\"z-index:7;font-family:'Prata';\"\n\t\t\t\t\t\t\t>Exposiciones \n\t\t\t\t\t\t\t<\/rs-layer><!--\n\n\t\t\t\t\t\t\t--><rs-layer\n\t\t\t\t\t\t\t\tid=\"slider-2-slide-8-layer-20\" \n\t\t\t\t\t\t\t\tdata-type=\"text\"\n\t\t\t\t\t\t\t\tdata-color=\"rgba(255, 255, 255, 0.8)\"\n\t\t\t\t\t\t\t\tdata-rsp_ch=\"on\"\n\t\t\t\t\t\t\t\tdata-xy=\"x:c;xo:1px,1px,1px,0;yo:329px,329px,329px,65px;\"\n\t\t\t\t\t\t\t\tdata-text=\"s:18,18,18,16;l:26;ls:2px;a:inherit;\"\n\t\t\t\t\t\t\t\tdata-frame_0=\"y:50px;tp:600;\"\n\t\t\t\t\t\t\t\tdata-frame_1=\"tp:600;sp:1500;sR:10;\"\n\t\t\t\t\t\t\t\tdata-frame_999=\"o:0;tp:600;st:w;sR:3490;\"\n\t\t\t\t\t\t\t\tstyle=\"z-index:6;font-family:'Karla';\"\n\t\t\t\t\t\t\t>Tu museo Online \n\t\t\t\t\t\t\t<\/rs-layer><!--\n-->\t\t\t\t\t\t<\/rs-slide>\n\t\t\t\t\t\t<rs-slide style=\"position: absolute;\" data-key=\"rs-9\" data-title=\"Slide\" data-thumb=\"\/\/memlavallduixo.es\/wp-content\/uploads\/2020\/04\/slider4-100x50.png\" data-anim=\"ms:600;r:0;\" data-in=\"o:0;\" data-out=\"a:false;\">\n\t\t\t\t\t\t\t<img src=\"\/\/memlavallduixo.es\/wp-content\/plugins\/revslider\/public\/assets\/assets\/dummy.png\" alt=\"\" title=\"slider4\" width=\"1920\" height=\"800\" class=\"rev-slidebg tp-rs-img rs-lazyload\" data-lazyload=\"\/\/memlavallduixo.es\/wp-content\/uploads\/2020\/04\/slider4.png\" data-no-retina>\n<!--\n\t\t\t\t\t\t\t--><rs-layer\n\t\t\t\t\t\t\t\tid=\"slider-2-slide-9-layer-21\" \n\t\t\t\t\t\t\t\tdata-type=\"text\"\n\t\t\t\t\t\t\t\tdata-rsp_ch=\"on\"\n\t\t\t\t\t\t\t\tdata-xy=\"x:c;yo:360px,360px,275px,125px;\"\n\t\t\t\t\t\t\t\tdata-text=\"w:normal;s:72,72,60,48;l:92,92,76,60;a:center;\"\n\t\t\t\t\t\t\t\tdata-dim=\"w:821px,821px,643px,424px;h:auto,auto,154px,auto;\"\n\t\t\t\t\t\t\t\tdata-frame_0=\"tp:600;\"\n\t\t\t\t\t\t\t\tdata-frame_1=\"tp:600;sp:2000;sR:10;\"\n\t\t\t\t\t\t\t\tdata-frame_999=\"o:0;tp:600;st:w;sR:2990;\"\n\t\t\t\t\t\t\t\tstyle=\"z-index:7;font-family:'Prata';\"\n\t\t\t\t\t\t\t>Exposiciones \n\t\t\t\t\t\t\t<\/rs-layer><!--\n\n\t\t\t\t\t\t\t--><rs-layer\n\t\t\t\t\t\t\t\tid=\"slider-2-slide-9-layer-22\" \n\t\t\t\t\t\t\t\tdata-type=\"text\"\n\t\t\t\t\t\t\t\tdata-color=\"rgba(255, 255, 255, 0.8)\"\n\t\t\t\t\t\t\t\tdata-rsp_ch=\"on\"\n\t\t\t\t\t\t\t\tdata-xy=\"x:c;xo:1px,1px,1px,0;yo:329px,329px,329px,65px;\"\n\t\t\t\t\t\t\t\tdata-text=\"s:18,18,18,16;l:26;ls:2px;a:inherit;\"\n\t\t\t\t\t\t\t\tdata-frame_0=\"y:50px;tp:600;\"\n\t\t\t\t\t\t\t\tdata-frame_1=\"tp:600;sp:1500;sR:10;\"\n\t\t\t\t\t\t\t\tdata-frame_999=\"o:0;tp:600;st:w;sR:3490;\"\n\t\t\t\t\t\t\t\tstyle=\"z-index:6;font-family:'Karla';\"\n\t\t\t\t\t\t\t>Tu museo Online \n\t\t\t\t\t\t\t<\/rs-layer><!--\n-->\t\t\t\t\t\t<\/rs-slide>\n\t\t\t\t\t\t<rs-slide style=\"position: absolute;\" data-key=\"rs-10\" data-title=\"Slide\" data-thumb=\"\/\/memlavallduixo.es\/wp-content\/uploads\/2020\/04\/slider5-100x50.png\" data-anim=\"ms:600;r:0;\" data-in=\"o:0;\" data-out=\"a:false;\">\n\t\t\t\t\t\t\t<img src=\"\/\/memlavallduixo.es\/wp-content\/plugins\/revslider\/public\/assets\/assets\/dummy.png\" alt=\"\" title=\"slider5\" width=\"1920\" height=\"800\" class=\"rev-slidebg tp-rs-img rs-lazyload\" data-lazyload=\"\/\/memlavallduixo.es\/wp-content\/uploads\/2020\/04\/slider5.png\" data-no-retina>\n<!--\n\t\t\t\t\t\t\t--><rs-layer\n\t\t\t\t\t\t\t\tid=\"slider-2-slide-10-layer-23\" \n\t\t\t\t\t\t\t\tdata-type=\"text\"\n\t\t\t\t\t\t\t\tdata-rsp_ch=\"on\"\n\t\t\t\t\t\t\t\tdata-xy=\"x:c;yo:360px,360px,275px,125px;\"\n\t\t\t\t\t\t\t\tdata-text=\"w:normal;s:72,72,60,48;l:92,92,76,60;a:center;\"\n\t\t\t\t\t\t\t\tdata-dim=\"w:821px,821px,643px,424px;h:auto,auto,154px,auto;\"\n\t\t\t\t\t\t\t\tdata-frame_0=\"tp:600;\"\n\t\t\t\t\t\t\t\tdata-frame_1=\"tp:600;sp:2000;sR:10;\"\n\t\t\t\t\t\t\t\tdata-frame_999=\"o:0;tp:600;st:w;sR:2990;\"\n\t\t\t\t\t\t\t\tstyle=\"z-index:7;font-family:'Prata';\"\n\t\t\t\t\t\t\t>Exposiciones \n\t\t\t\t\t\t\t<\/rs-layer><!--\n\n\t\t\t\t\t\t\t--><rs-layer\n\t\t\t\t\t\t\t\tid=\"slider-2-slide-10-layer-24\" \n\t\t\t\t\t\t\t\tdata-type=\"text\"\n\t\t\t\t\t\t\t\tdata-color=\"rgba(255, 255, 255, 0.8)\"\n\t\t\t\t\t\t\t\tdata-rsp_ch=\"on\"\n\t\t\t\t\t\t\t\tdata-xy=\"x:c;xo:1px,1px,1px,0;yo:329px,329px,329px,65px;\"\n\t\t\t\t\t\t\t\tdata-text=\"s:18,18,18,16;l:26;ls:2px;a:inherit;\"\n\t\t\t\t\t\t\t\tdata-frame_0=\"y:50px;tp:600;\"\n\t\t\t\t\t\t\t\tdata-frame_1=\"tp:600;sp:1500;sR:10;\"\n\t\t\t\t\t\t\t\tdata-frame_999=\"o:0;tp:600;st:w;sR:3490;\"\n\t\t\t\t\t\t\t\tstyle=\"z-index:6;font-family:'Karla';\"\n\t\t\t\t\t\t\t>Tu museo Online \n\t\t\t\t\t\t\t<\/rs-layer><!--\n-->\t\t\t\t\t\t<\/rs-slide>\n\t\t\t\t\t<\/rs-slides>\n\t\t\t\t<\/rs-module>\n\t\t\t\t<script>\n\t\t\t\t\tsetREVStartSize({c: 'rev_slider_2_1',rl:[1240,1024,778,480],el:[760,760,760,480],gw:[1928,1024,778,480],gh:[760,760,760,480],type:'standard',justify:'',layout:'fullwidth',mh:\"0\"});if (window.RS_MODULES!==undefined && window.RS_MODULES.modules!==undefined && window.RS_MODULES.modules[\"revslider21\"]!==undefined) {window.RS_MODULES.modules[\"revslider21\"].once = false;window.revapi2 = undefined;if (window.RS_MODULES.checkMinimal!==undefined) window.RS_MODULES.checkMinimal()}\n\t\t\t\t<\/script>\n\t\t\t<\/rs-module-wrap>\n\t\t\t<!-- END REVOLUTION SLIDER -->\n<\/div>\n<\/div><\/div>\n<\/div>\n<\/div>\n<\/div>\n<\/div>\n<\/div>\n<div id=\"cmsmasters_row_tdokeyc5r\" class=\"cmsmasters_row cmsmasters_color_scheme_default cmsmasters_row_top_default cmsmasters_row_bot_default cmsmasters_row_boxed\">\n<div class=\"cmsmasters_row_outer_parent\">\n<div class=\"cmsmasters_row_outer\">\n<div class=\"cmsmasters_row_inner\">\n<div class=\"cmsmasters_row_margin\">\n<div id=\"cmsmasters_column_7qjb9a6stp\" class=\"cmsmasters_column one_first\">\n<div class=\"cmsmasters_column_inner\"><div id=\"cmsmasters_heading_3d2cyb6ukl\" class=\"cmsmasters_heading_wrap cmsmasters_heading_align_left\">\n\t<h2 class=\"cmsmasters_heading\">Exposiciones<\/h2>\n<\/div><div id=\"cmsmasters_fb_0qgc2n1s1\" class=\"cmsmasters_featured_block\">\n<div class=\"featured_block_inner\">\n<div class=\"featured_block_text\"><p>\nSe pueden visitar virtualmente espacios patrimoniales de La Vall d\u2019Uix\u00f3, como iglesias, ermitas, tramos de la Acequia Mayor, yacimientos arqueol\u00f3gicos, restos relacionados con la Guerra Civil Espa\u00f1ola, patrimonio industrial\u2026 gracias a distintas herramientas como fotos de 360\u00ba,<span class=\"Apple-converted-space\">\u00a0 <\/span>modelados 3D o v\u00eddeos. Tambi\u00e9n encontraras aqu\u00ed patrimonio inmaterial como el Cant de l\u2019Aurora y diversas manifestaciones art\u00edsticas y etol\u00f3gicas propias de La Vall d\u2019Uix\u00f3.<\/p>\n<\/div>\n<\/div>\n<\/div>\n<\/div><\/div>\n<\/div>\n<\/div>\n<\/div>\n<\/div>\n<\/div>\n<div id=\"cmsmasters_row_beb5aqv59q\" class=\"cmsmasters_row cmsmasters_color_scheme_default cmsmasters_row_top_default cmsmasters_row_bot_default cmsmasters_row_boxed\">\n<div class=\"cmsmasters_row_outer_parent\">\n<div class=\"cmsmasters_row_outer\">\n<div class=\"cmsmasters_row_inner\">\n<div class=\"cmsmasters_row_margin\">\n<div id=\"cmsmasters_column_xw9adtbq49\" class=\"cmsmasters_column one_first\">\n<div class=\"cmsmasters_column_inner\"><div id=\"cmsmasters_profile_69e03fe7182ad\" class=\"cmsmasters_profile vertical\" data-animation=\"fadeInDown\" data-delay=\"0\">\n<!-- Start Profile Vertical Article -->\r\n<article id=\"post-16154\" class=\"cmsmasters_profile_vertical post-16154 profile type-profile status-publish has-post-thumbnail hentry pl-categs-exposiciones\">\r\n\t<div class=\"profile_outer\">\r\n\t<div class=\"cmsmasters_profile_img_wrap\"><figure class=\"cmsmasters_img_wrap\"><a href=\"http:\/\/memlavallduixo.es\/index.php\/profile\/els-tunels-de-la-placa-de-l-angel\/\" title=\"Els tunels de la Pla\u00e7a de l&#8217; Angel\" class=\"cmsmasters_img_link\"><img width=\"580\" height=\"580\" src=\"http:\/\/memlavallduixo.es\/wp-content\/uploads\/2020\/04\/cisterna-580x580.png\" class=\" wp-post-image\" alt=\"Els tunels de la Pla\u00e7a de l&#8217; Angel\" decoding=\"async\" loading=\"lazy\" title=\"cisterna\" srcset=\"http:\/\/memlavallduixo.es\/wp-content\/uploads\/2020\/04\/cisterna-580x580.png 580w, http:\/\/memlavallduixo.es\/wp-content\/uploads\/2020\/04\/cisterna-150x150.png 150w, http:\/\/memlavallduixo.es\/wp-content\/uploads\/2020\/04\/cisterna-180x180.png 180w\" sizes=\"(max-width: 580px) 100vw, 580px\" \/><\/a><\/figure><\/div><div class=\"profile_inner\"><header class=\"cmsmasters_profile_header entry-header\"><h3 class=\"cmsmasters_profile_title entry-title\"><a href=\"http:\/\/memlavallduixo.es\/index.php\/profile\/els-tunels-de-la-placa-de-l-angel\/\">Els tunels de la Pla\u00e7a de l&#8217; Angel<\/a><\/h3><h5 class=\"cmsmasters_profile_subtitle\">Exposiciones<\/h5><\/header><div class=\"cmsmasters_profile_content entry-content\">\n<p>Un recorrido por los distintos tramos subterr\u00e1neos de la \"Acequia Mayor\" procedentes de la \"Font de Sant Josep\" que discurre a trav\u00e9s del Acueducto del Sant Josep.<\/p>\n<\/div>\n<\/div>\t<\/div>\r\n<\/article>\r\n<!-- Finish Profile Vertical Article -->\r\n\r\n<!-- Start Profile Vertical Article -->\r\n<article id=\"post-16144\" class=\"cmsmasters_profile_vertical post-16144 profile type-profile status-publish has-post-thumbnail hentry pl-categs-exposiciones\">\r\n\t<div class=\"profile_outer\">\r\n\t<div class=\"cmsmasters_profile_img_wrap\"><figure class=\"cmsmasters_img_wrap\"><a href=\"http:\/\/memlavallduixo.es\/index.php\/profile\/un-passeig-pel-mon-iberic-el-poblat-de-sant-josep\/\" title=\"Un passeig pel m\u00f3n ib\u00e8ric: El poblat de Sant Josep\" class=\"cmsmasters_img_link\"><img width=\"580\" height=\"580\" src=\"http:\/\/memlavallduixo.es\/wp-content\/uploads\/2020\/04\/cisterna-580x580.png\" class=\" wp-post-image\" alt=\"Un passeig pel m\u00f3n ib\u00e8ric: El poblat de Sant Josep\" decoding=\"async\" loading=\"lazy\" title=\"cisterna\" srcset=\"http:\/\/memlavallduixo.es\/wp-content\/uploads\/2020\/04\/cisterna-580x580.png 580w, http:\/\/memlavallduixo.es\/wp-content\/uploads\/2020\/04\/cisterna-150x150.png 150w, http:\/\/memlavallduixo.es\/wp-content\/uploads\/2020\/04\/cisterna-180x180.png 180w\" sizes=\"(max-width: 580px) 100vw, 580px\" \/><\/a><\/figure><\/div><div class=\"profile_inner\"><header class=\"cmsmasters_profile_header entry-header\"><h3 class=\"cmsmasters_profile_title entry-title\"><a href=\"http:\/\/memlavallduixo.es\/index.php\/profile\/un-passeig-pel-mon-iberic-el-poblat-de-sant-josep\/\">Un passeig pel m\u00f3n ib\u00e8ric: El poblat de Sant Josep<\/a><\/h3><h5 class=\"cmsmasters_profile_subtitle\">Exposiciones<\/h5><\/header><div class=\"cmsmasters_profile_content entry-content\">\n<p>Permite recorrer en tres dimensiones toda la zona excavada y consolidada del Poblat de Sant Josep<\/p>\n<\/div>\n<\/div>\t<\/div>\r\n<\/article>\r\n<!-- Finish Profile Vertical Article -->\r\n\r\n<\/div>\n<\/div><\/div>\n<\/div>\n<\/div>\n<\/div>\n<\/div>\n<\/div>\n\n","protected":false},"excerpt":{"rendered":"","protected":false},"author":1,"featured_media":0,"parent":0,"menu_order":0,"comment_status":"closed","ping_status":"closed","template":"","meta":[],"_links":{"self":[{"href":"http:\/\/memlavallduixo.es\/index.php\/wp-json\/wp\/v2\/pages\/16149"}],"collection":[{"href":"http:\/\/memlavallduixo.es\/index.php\/wp-json\/wp\/v2\/pages"}],"about":[{"href":"http:\/\/memlavallduixo.es\/index.php\/wp-json\/wp\/v2\/types\/page"}],"author":[{"embeddable":true,"href":"http:\/\/memlavallduixo.es\/index.php\/wp-json\/wp\/v2\/users\/1"}],"replies":[{"embeddable":true,"href":"http:\/\/memlavallduixo.es\/index.php\/wp-json\/wp\/v2\/comments?post=16149"}],"version-history":[{"count":0,"href":"http:\/\/memlavallduixo.es\/index.php\/wp-json\/wp\/v2\/pages\/16149\/revisions"}],"wp:attachment":[{"href":"http:\/\/memlavallduixo.es\/index.php\/wp-json\/wp\/v2\/media?parent=16149"}],"curies":[{"name":"wp","href":"https:\/\/api.w.org\/{rel}","templated":true}]}}